{"id":134,"date":"2021-06-11T10:12:21","date_gmt":"2021-06-11T10:12:21","guid":{"rendered":"http:\/\/www.sondeckis.lt\/sondeckiokonkursas\/?page_id=134"},"modified":"2024-05-06T07:49:48","modified_gmt":"2024-05-06T07:49:48","slug":"programa-violoncelininkams","status":"publish","type":"page","link":"https:\/\/old.sondeckis.lt\/sondeckiokonkursas\/programa-violoncelininkams\/","title":{"rendered":"Programa violon\u010delininkams"},"content":{"rendered":"\n<p><strong>I TURAS<\/strong><br>A, B kategorij\u0173 konkurso dalyviai privalo atlikti <strong>2 (dvi) skirtingo charakterio pjeses<\/strong>.<br><strong>A, B<\/strong> kategorijos \u2012 trukm\u0117 iki <strong>10\u201312 min.<\/strong><\/p>\n\n\n\n<p>C kategorijos konkurso dalyviai privalo atlikti <strong>1 dalis arba 1-2 dalys i\u0161 J. S. Bach siuit\u0173 ir 1 pjes\u0117.<\/strong><br><strong>C<\/strong> kategorija \u2012 trukm\u0117 iki <strong>12\u201315 min.<\/strong><\/p>\n\n\n\n<p>D kategorijos konkurso dalyviai privalo atlikti <strong>2 dalis i\u0161 J. S. Bach siuit\u0173 ir 1 pjes\u0117.<\/strong><br><strong>D<\/strong> kategorija &#8211; trukm\u0117 iki <strong>15\u201320 min.<\/strong><\/p>\n\n\n\n<p><strong>II TURAS<\/strong><\/p>\n\n\n\n<p><strong>A kategorijos konkurso dalyviai privalo atlikti privalom\u0105 pjes\u0119<\/strong> <strong>Balys Dvarionas Lop\u0161in\u0117<\/strong> ir 1 stambios formos k\u016brinys (koncerto I dalis arba II\u2013III dalys).<\/p>\n\n\n\n<p>A kategorijos \u2012 trukm\u0117 iki <strong>10-12 min.<\/strong><\/p>\n\n\n\n<p><strong>B kategorijos konkurso dalyviai privalo atlikti privalom\u0105 pjes\u0119<\/strong> <strong><strong>Mikalojus Konstantinas \u010ciurlionis&nbsp;Preliudas, op. 12 Nr. 1<\/strong><\/strong> d-moll ir 1 stambios formos k\u016brinys (koncerto I dalis arba II\u2013III dalys).<\/p>\n\n\n\n<p>B kategorijos \u2012 trukm\u0117 iki <strong>10-12 min.<\/strong><\/p>\n\n\n\n<p><strong>C kategorijos konkurso dalyviai privalo atlikti privalom\u0105 pjes\u0119<\/strong> <strong><strong><strong>Arvydas Malcys Izabel\u0117s sapnas (Franco \u0160uberto tema)<\/strong><\/strong><\/strong> ir 1 stambios formos k\u016brinys (koncerto I dal\u012f arba II\u2013III dalis, arba pjes\u0119 fantazij\u0105, variacijas).<\/p>\n\n\n\n<p>C kategorijos \u2012 trukm\u0117 iki <strong>12-15 min.<\/strong><\/p>\n\n\n\n<p><strong>D kategorijos konkurso dalyviai privalo atlikti privalom\u0105 pjes\u0119<\/strong> <strong><strong>Tadas Petrulis Prieplauka<\/strong><\/strong> ir 1 stambios formos k\u016brinys (koncerto I dal\u012f arba II\u2013III dalis, arba pjes\u0119 fantazij\u0105, variacijas).<\/p>\n\n\n\n<p>D kategorijos \u2012 trukm\u0117 iki <strong>15-20 min.<\/strong><br><\/p>\n\n\n\n<p>Privalomi II turo lietuvi\u0173 kompozitori\u0173 k\u016briniai:<\/p>\n\n\n\n<p><strong>A kategorija<\/strong> &nbsp; <\/p>\n\n\n\n<p><a rel=\"noreferrer noopener\" href=\"http:\/\/sondeckis.lt\/wp-content\/uploads\/2016\/10\/Dvarionas-Lopsine.pdf\" target=\"_blank\"><strong>Balys Dvarionas&nbsp;Lop\u0161in\u0117 (red. J. Andrejevo) (pdf)<\/strong><\/a><\/p>\n\n\n\n<p><strong>B kategorija<\/strong> &nbsp; <\/p>\n\n\n\n<p><strong><a href=\"https:\/\/old.sondeckis.lt\/sondeckiokonkursas\/wp-content\/uploads\/2024\/05\/Ciurlionis-preliudas.pdf\" data-type=\"URL\" data-id=\"https:\/\/old.sondeckis.lt\/sondeckiokonkursas\/wp-content\/uploads\/2024\/05\/Ciurlionis-preliudas.pdf\" target=\"_blank\" rel=\"noreferrer noopener\">Mikalojus Konstantinas \u010ciurlionis\u00a0Preliudas, op. 12 Nr. 1 d-moll (pdf)<\/a><\/strong><\/p>\n\n\n\n<p><strong>C kategorija<\/strong>&nbsp; &nbsp;<\/p>\n\n\n\n<p><a rel=\"noreferrer noopener\" href=\"https:\/\/old.sondeckis.lt\/sondeckiokonkursas\/wp-content\/uploads\/2023\/06\/Isabellas-dream-Vc-Str-Violoncello-solo-C-kategorija.pdf\" data-type=\"URL\" data-id=\"https:\/\/old.sondeckis.lt\/sondeckiokonkursas\/wp-content\/uploads\/2023\/06\/Isabellas-dream-Vc-Str-Violoncello-solo-C-kategorija.pdf\" target=\"_blank\"><strong>Arvydas Malcys Izabel\u0117s sapnas (Franco \u0160uberto tema) (pdf)<\/strong><\/a><\/p>\n\n\n<p><a href=\"https:\/\/old.sondeckis.lt\/sondeckiokonkursas\/wp-content\/uploads\/2023\/06\/Isabellas-dream-Vc-Str-Piano-reduction-C-kategorija.pdf\" target=\"_blank\" rel=\"noopener\"><strong>Arvydas Malcys Izabel\u0117s sapnas <\/strong><strong><strong>(Franco \u0160uberto tema)<\/strong> violon\u010delei ir fortepijonui (pdf)<\/strong><\/a><\/p>\n\n\n<p><strong>D kategorija<\/strong> <\/p>\n\n\n\n<p><a rel=\"noreferrer noopener\" style=\"font-weight: bold;\" href=\"https:\/\/old.sondeckis.lt\/sondeckiokonkursas\/wp-content\/uploads\/2023\/06\/Petrulis_Prieplauka_Cello.pdf\" data-type=\"URL\" data-id=\"https:\/\/old.sondeckis.lt\/sondeckiokonkursas\/wp-content\/uploads\/2023\/06\/Petrulis_Prieplauka_Cello.pdf\" target=\"_blank\">Tadas Petrulis Prieplauka<\/a> <strong><a rel=\"noreferrer noopener\" href=\"https:\/\/old.sondeckis.lt\/sondeckiokonkursas\/wp-content\/uploads\/2023\/06\/Petrulis_Prieplauka_Cello.pdf\" target=\"_blank\">(pdf)<\/a><\/strong><\/p>\n\n\n\n<p>                       <strong><a rel=\"noreferrer noopener\" href=\"https:\/\/old.sondeckis.lt\/sondeckiokonkursas\/wp-content\/uploads\/2023\/06\/TP_Prieplauka.pdf\" target=\"_blank\"><strong>Tadas Petrulis Prieplauka<\/strong> violon\u010delei ir fortepijonui&nbsp;(pdf)<\/a><\/strong><\/p>\n\n\n\n<p><\/p>\n","protected":false},"excerpt":{"rendered":"<p>I TURASA, B kategorij\u0173 konkurso dalyviai privalo atlikti 2 (dvi) skirtingo charakterio pjeses.A, B kategorijos \u2012 trukm\u0117 iki 10\u201312 min. C kategorijos konkurso dalyviai privalo atlikti 1 dalis arba 1-2 dalys i\u0161 J. S. Bach siuit\u0173 ir 1 pjes\u0117.C kategorija \u2012 trukm\u0117 iki 12\u201315 min. D kategorijos konkurso dalyviai privalo atlikti 2 dalis i\u0161 J. [&hellip;]<\/p>\n","protected":false},"author":1,"featured_media":0,"parent":0,"menu_order":0,"comment_status":"closed","ping_status":"closed","template":"","meta":{"_et_pb_use_builder":"off","_et_pb_old_content":"","_et_gb_content_width":"","footnotes":""},"class_list":["post-134","page","type-page","status-publish","hentry"],"_links":{"self":[{"href":"https:\/\/old.sondeckis.lt\/sondeckiokonkursas\/wp-json\/wp\/v2\/pages\/134","targetHints":{"allow":["GET"]}}],"collection":[{"href":"https:\/\/old.sondeckis.lt\/sondeckiokonkursas\/wp-json\/wp\/v2\/pages"}],"about":[{"href":"https:\/\/old.sondeckis.lt\/sondeckiokonkursas\/wp-json\/wp\/v2\/types\/page"}],"author":[{"embeddable":true,"href":"https:\/\/old.sondeckis.lt\/sondeckiokonkursas\/wp-json\/wp\/v2\/users\/1"}],"replies":[{"embeddable":true,"href":"https:\/\/old.sondeckis.lt\/sondeckiokonkursas\/wp-json\/wp\/v2\/comments?post=134"}],"version-history":[{"count":26,"href":"https:\/\/old.sondeckis.lt\/sondeckiokonkursas\/wp-json\/wp\/v2\/pages\/134\/revisions"}],"predecessor-version":[{"id":1241,"href":"https:\/\/old.sondeckis.lt\/sondeckiokonkursas\/wp-json\/wp\/v2\/pages\/134\/revisions\/1241"}],"wp:attachment":[{"href":"https:\/\/old.sondeckis.lt\/sondeckiokonkursas\/wp-json\/wp\/v2\/media?parent=134"}],"curies":[{"name":"wp","href":"https:\/\/api.w.org\/{rel}","templated":true}]}}